{"id":1656,"date":"2023-02-20T14:22:33","date_gmt":"2023-02-20T14:22:33","guid":{"rendered":"https:\/\/www.grupoalmedina.net\/?page_id=1656"},"modified":"2026-01-16T14:20:00","modified_gmt":"2026-01-16T14:20:00","slug":"grupo-almedina","status":"publish","type":"page","link":"https:\/\/www.grupoalmedina.net\/?page_id=1656","title":{"rendered":"Grupo Almedina"},"content":{"rendered":"\n<div class=\"wp-block-uagb-container uagb-block-35b65123 alignfull uagb-is-root-container\"><div class=\"uagb-container-inner-blocks-wrap\">\n<div class=\"wp-block-uagb-container uagb-block-e953e26f\">\n<div class=\"wp-block-uagb-container uagb-block-cf00cde0\">\n<div class=\"wp-block-uagb-icon-list uagb-block-d5424e6e\"><div class=\"uagb-icon-list__wrap\">\n<div class=\"wp-block-uagb-icon-list-child uagb-block-568b6f65\"><a target=\"_self\" aria-label=\"Marcos Hist\u00f3ricos\" rel=\"noopener noreferrer\" href=\"https:\/\/www.grupoalmedina.net\/?page_id=1673\"> <\/a><span class=\"uagb-icon-list__source-wrap\"><svg xmlns=\"https:\/\/www.w3.org\/2000\/svg\" viewBox=\"0 0 512 512\"><path d=\"M256 0C114.6 0 0 114.6 0 256c0 141.4 114.6 256 256 256s256-114.6 256-256C512 114.6 397.4 0 256 0zM406.6 278.6l-103.1 103.1c-12.5 12.5-32.75 12.5-45.25 0s-12.5-32.75 0-45.25L306.8 288H128C110.3 288 96 273.7 96 256s14.31-32 32-32h178.8l-49.38-49.38c-12.5-12.5-12.5-32.75 0-45.25s32.75-12.5 45.25 0l103.1 103.1C414.6 241.3 416 251.1 416 256C416 260.9 414.6 270.7 406.6 278.6z\"><\/path><\/svg><\/span><span class=\"uagb-icon-list__label\">Marcos Hist\u00f3ricos<\/span><\/div>\n\n\n\n<div class=\"wp-block-uagb-icon-list-child uagb-block-77d43df7\"><a target=\"_self\" aria-label=\"Miss\u00e3o e Valores\" rel=\"noopener noreferrer\" href=\"https:\/\/www.grupoalmedina.net\/?page_id=1721\"> <\/a><span class=\"uagb-icon-list__source-wrap\"><svg xmlns=\"https:\/\/www.w3.org\/2000\/svg\" viewBox=\"0 0 512 512\"><path d=\"M256 0C114.6 0 0 114.6 0 256c0 141.4 114.6 256 256 256s256-114.6 256-256C512 114.6 397.4 0 256 0zM406.6 278.6l-103.1 103.1c-12.5 12.5-32.75 12.5-45.25 0s-12.5-32.75 0-45.25L306.8 288H128C110.3 288 96 273.7 96 256s14.31-32 32-32h178.8l-49.38-49.38c-12.5-12.5-12.5-32.75 0-45.25s32.75-12.5 45.25 0l103.1 103.1C414.6 241.3 416 251.1 416 256C416 260.9 414.6 270.7 406.6 278.6z\"><\/path><\/svg><\/span><span class=\"uagb-icon-list__label\">Miss\u00e3o e Valores<\/span><\/div>\n\n\n\n<div class=\"wp-block-uagb-icon-list-child uagb-block-e0016619\"><span class=\"uagb-icon-list__source-wrap\"><svg xmlns=\"https:\/\/www.w3.org\/2000\/svg\" viewBox=\"0 0 512 512\"><path d=\"M256 0C114.6 0 0 114.6 0 256c0 141.4 114.6 256 256 256s256-114.6 256-256C512 114.6 397.4 0 256 0zM406.6 278.6l-103.1 103.1c-12.5 12.5-32.75 12.5-45.25 0s-12.5-32.75 0-45.25L306.8 288H128C110.3 288 96 273.7 96 256s14.31-32 32-32h178.8l-49.38-49.38c-12.5-12.5-12.5-32.75 0-45.25s32.75-12.5 45.25 0l103.1 103.1C414.6 241.3 416 251.1 416 256C416 260.9 414.6 270.7 406.6 278.6z\"><\/path><\/svg><\/span><span class=\"uagb-icon-list__label\">Governo da Sociedade<\/span><\/div>\n\n\n\n<div class=\"wp-block-uagb-icon-list-child uagb-block-87b28e7b\"><a target=\"_self\" aria-label=\"Pol\u00edtica da Qualidade\" rel=\"noopener noreferrer\" href=\"https:\/\/www.grupoalmedina.net\/?page_id=1695\"> <\/a><span class=\"uagb-icon-list__source-wrap\"><svg xmlns=\"https:\/\/www.w3.org\/2000\/svg\" viewBox=\"0 0 512 512\"><path d=\"M256 0C114.6 0 0 114.6 0 256c0 141.4 114.6 256 256 256s256-114.6 256-256C512 114.6 397.4 0 256 0zM406.6 278.6l-103.1 103.1c-12.5 12.5-32.75 12.5-45.25 0s-12.5-32.75 0-45.25L306.8 288H128C110.3 288 96 273.7 96 256s14.31-32 32-32h178.8l-49.38-49.38c-12.5-12.5-12.5-32.75 0-45.25s32.75-12.5 45.25 0l103.1 103.1C414.6 241.3 416 251.1 416 256C416 260.9 414.6 270.7 406.6 278.6z\"><\/path><\/svg><\/span><span class=\"uagb-icon-list__label\">Pol\u00edtica da Qualidade<\/span><\/div>\n<\/div><\/div>\n<\/div>\n<\/div>\n\n\n\n<div class=\"wp-block-uagb-container uagb-block-6345b848\">\n<p class=\"has-text-align-left has-medium-font-size\" style=\"margin-top:0;margin-right:0;margin-bottom:0;margin-left:0\"><mark style=\"background-color:rgba(0, 0, 0, 0)\" class=\"has-inline-color has-ast-global-color-1-color\"><strong>Grupo Almedina<\/strong><\/mark><\/p>\n\n\n\n<p class=\"has-text-align-left\" style=\"margin-top:0;margin-right:0;margin-bottom:0;margin-left:0\"><br><\/p>\n\n\n\n<p>O Grupo Almedina \u00e9 um dos principais grupos editoriais portugueses. \u00c9 composto por quatro chancelas (Edi\u00e7\u00f5es Almedina, Edi\u00e7\u00f5es 70, Actual Editora e Minotauro), uma rede com 14 livrarias f\u00edsicas e 1 loja online.<\/p>\n\n\n\n<p>\u00c9 no ano de 1955 que Joaquim Machado abre, em Coimbra, frente ao famoso Arco de Almedina, uma pequena livraria a que d\u00e1 o nome de Almedina. A proximidade ao meio universit\u00e1rio e a car\u00eancia de edi\u00e7\u00e3o de manuais acad\u00e9micos cedo colocou a Almedina no neg\u00f3cio editorial.<\/p>\n\n\n\n<p>Contribuindo para a difus\u00e3o de novos autores e correntes de opini\u00e3o e investiga\u00e7\u00e3o, as Editoras do Grupo Almedina posicionam-se sobretudo nas \u00e1reas do conhecimento t\u00e9cnico n\u00e3o descurando a publica\u00e7\u00e3o de obras que contribuam para o pensamento cr\u00edtico e reflex\u00e3o.<\/p>\n\n\n\n<p>A Edi\u00e7\u00f5es Almedina, amplamente reconhecida como l\u00edder nas edi\u00e7\u00f5es jur\u00eddicas em Portugal, edita tamb\u00e9m, entre outras, nas \u00e1reas de medicina, psicologia, educa\u00e7\u00e3o, economia e ci\u00eancias exatas. No sentido de melhorar e potencializar estas \u00e1reas de atua\u00e7\u00e3o adquire duas novas editoras, a Actual Editora &#8211; nas \u00e1reas de Economia e Gest\u00e3o &#8211; e a Edi\u00e7\u00f5es 70 \u2013 reconhecida pela edi\u00e7\u00e3o de livros na \u00e1rea das Ci\u00eancias Sociais e Humanas. A Minotauro, \u00faltima chancela a integrar o Grupo, tamb\u00e9m publica n\u00e3o-fic\u00e7\u00e3o, mas est\u00e1 mais vocacionada para a fic\u00e7\u00e3o liter\u00e1ria, portuguesa e estrangeira.<\/p>\n\n\n\n<p>A par do neg\u00f3cio editorial, o Grupo foi alargando a sua rede de livrarias, que foram surgindo junto aos principais polos acad\u00e9micos do pa\u00eds: Braga, Porto, Coimbra e Lisboa. Atualmente o Grupo Almedina integra 14 livrarias e uma loja online <a href=\"http:\/\/www.almedina.net\">www.almedina.net<\/a>.<\/p>\n\n\n\n<p>Para al\u00e9m disso, o Grupo Almedina promove congressos e forma\u00e7\u00f5es na \u00e1rea do Direito, Economia e Gest\u00e3o, sempre com oradores de refer\u00eancia na comunidade acad\u00e9mica portuguesa.<\/p>\n\n\n\n<p><\/p>\n<\/div>\n<\/div><\/div>\n\n\n\n<p><\/p>\n\n\n\n<p><\/p>\n","protected":false},"excerpt":{"rendered":"","protected":false},"author":1,"featured_media":0,"parent":0,"menu_order":0,"comment_status":"closed","ping_status":"closed","template":"","meta":{"_uag_custom_page_level_css":"","site-sidebar-layout":"default","site-content-layout":"default","ast-global-header-display":"","ast-main-header-display":"","ast-hfb-above-header-display":"","ast-hfb-below-header-display":"","ast-hfb-mobile-header-display":"","site-post-title":"disabled","ast-breadcrumbs-content":"","ast-featured-img":"","footer-sml-layout":"","theme-transparent-header-meta":"","adv-header-id-meta":"","stick-header-meta":"","header-above-stick-meta":"","header-main-stick-meta":"","header-below-stick-meta":"","footnotes":""},"class_list":["post-1656","page","type-page","status-publish","hentry"],"uagb_featured_image_src":{"full":false,"thumbnail":false,"medium":false,"medium_large":false,"large":false,"1536x1536":false,"2048x2048":false},"uagb_author_info":{"display_name":"siteGrupo","author_link":"https:\/\/www.grupoalmedina.net\/?author=1"},"uagb_comment_info":0,"uagb_excerpt":null,"_links":{"self":[{"href":"https:\/\/www.grupoalmedina.net\/index.php?rest_route=\/wp\/v2\/pages\/1656","targetHints":{"allow":["GET"]}}],"collection":[{"href":"https:\/\/www.grupoalmedina.net\/index.php?rest_route=\/wp\/v2\/pages"}],"about":[{"href":"https:\/\/www.grupoalmedina.net\/index.php?rest_route=\/wp\/v2\/types\/page"}],"author":[{"embeddable":true,"href":"https:\/\/www.grupoalmedina.net\/index.php?rest_route=\/wp\/v2\/users\/1"}],"replies":[{"embeddable":true,"href":"https:\/\/www.grupoalmedina.net\/index.php?rest_route=%2Fwp%2Fv2%2Fcomments&post=1656"}],"version-history":[{"count":29,"href":"https:\/\/www.grupoalmedina.net\/index.php?rest_route=\/wp\/v2\/pages\/1656\/revisions"}],"predecessor-version":[{"id":2193,"href":"https:\/\/www.grupoalmedina.net\/index.php?rest_route=\/wp\/v2\/pages\/1656\/revisions\/2193"}],"wp:attachment":[{"href":"https:\/\/www.grupoalmedina.net\/index.php?rest_route=%2Fwp%2Fv2%2Fmedia&parent=1656"}],"curies":[{"name":"wp","href":"https:\/\/api.w.org\/{rel}","templated":true}]}}