{"id":1695,"date":"2023-02-20T15:21:16","date_gmt":"2023-02-20T15:21:16","guid":{"rendered":"https:\/\/www.grupoalmedina.net\/?page_id=1695"},"modified":"2025-07-08T13:20:53","modified_gmt":"2025-07-08T13:20:53","slug":"missao-e-valores","status":"publish","type":"page","link":"https:\/\/www.grupoalmedina.net\/?page_id=1695","title":{"rendered":"Miss\u00e3o e Valores"},"content":{"rendered":"\n<div class=\"wp-block-uagb-container uagb-block-50387cd2 alignfull uagb-is-root-container\"><div class=\"uagb-container-inner-blocks-wrap\">\n<div class=\"wp-block-uagb-container uagb-block-5ccda8d3\">\n<div class=\"wp-block-uagb-icon-list uagb-block-ed9af00c\"><div class=\"uagb-icon-list__wrap\">\n<div class=\"wp-block-uagb-icon-list-child uagb-block-3addce42\"><a target=\"_self\" aria-label=\"Marcos Hist\u00f3ricos\" rel=\"noopener noreferrer\" href=\"https:\/\/www.grupoalmedina.net\/?page_id=1673\"> <\/a><span class=\"uagb-icon-list__source-wrap\"><svg xmlns=\"https:\/\/www.w3.org\/2000\/svg\" viewBox=\"0 0 512 512\"><path d=\"M256 0C114.6 0 0 114.6 0 256c0 141.4 114.6 256 256 256s256-114.6 256-256C512 114.6 397.4 0 256 0zM406.6 278.6l-103.1 103.1c-12.5 12.5-32.75 12.5-45.25 0s-12.5-32.75 0-45.25L306.8 288H128C110.3 288 96 273.7 96 256s14.31-32 32-32h178.8l-49.38-49.38c-12.5-12.5-12.5-32.75 0-45.25s32.75-12.5 45.25 0l103.1 103.1C414.6 241.3 416 251.1 416 256C416 260.9 414.6 270.7 406.6 278.6z\"><\/path><\/svg><\/span><span class=\"uagb-icon-list__label\">Marcos Hist\u00f3ricos<\/span><\/div>\n\n\n\n<div class=\"wp-block-uagb-icon-list-child uagb-block-b07cd135\"><a target=\"_self\" aria-label=\"Miss\u00e3o e Valores\" rel=\"noopener noreferrer\" href=\"https:\/\/www.grupoalmedina.net\/?page_id=1721\"> <\/a><span class=\"uagb-icon-list__source-wrap\"><svg xmlns=\"https:\/\/www.w3.org\/2000\/svg\" viewBox=\"0 0 512 512\"><path d=\"M256 0C114.6 0 0 114.6 0 256c0 141.4 114.6 256 256 256s256-114.6 256-256C512 114.6 397.4 0 256 0zM406.6 278.6l-103.1 103.1c-12.5 12.5-32.75 12.5-45.25 0s-12.5-32.75 0-45.25L306.8 288H128C110.3 288 96 273.7 96 256s14.31-32 32-32h178.8l-49.38-49.38c-12.5-12.5-12.5-32.75 0-45.25s32.75-12.5 45.25 0l103.1 103.1C414.6 241.3 416 251.1 416 256C416 260.9 414.6 270.7 406.6 278.6z\"><\/path><\/svg><\/span><span class=\"uagb-icon-list__label\">Miss\u00e3o e Valores<\/span><\/div>\n\n\n\n<div class=\"wp-block-uagb-icon-list-child uagb-block-9cc34f17\"><span class=\"uagb-icon-list__source-wrap\"><svg xmlns=\"https:\/\/www.w3.org\/2000\/svg\" viewBox=\"0 0 512 512\"><path d=\"M256 0C114.6 0 0 114.6 0 256c0 141.4 114.6 256 256 256s256-114.6 256-256C512 114.6 397.4 0 256 0zM406.6 278.6l-103.1 103.1c-12.5 12.5-32.75 12.5-45.25 0s-12.5-32.75 0-45.25L306.8 288H128C110.3 288 96 273.7 96 256s14.31-32 32-32h178.8l-49.38-49.38c-12.5-12.5-12.5-32.75 0-45.25s32.75-12.5 45.25 0l103.1 103.1C414.6 241.3 416 251.1 416 256C416 260.9 414.6 270.7 406.6 278.6z\"><\/path><\/svg><\/span><span class=\"uagb-icon-list__label\">Governo da Sociedade<\/span><\/div>\n\n\n\n<div class=\"wp-block-uagb-icon-list-child uagb-block-f9a157fd\"><span class=\"uagb-icon-list__source-wrap\"><svg xmlns=\"https:\/\/www.w3.org\/2000\/svg\" viewBox=\"0 0 512 512\"><path d=\"M256 0C114.6 0 0 114.6 0 256c0 141.4 114.6 256 256 256s256-114.6 256-256C512 114.6 397.4 0 256 0zM406.6 278.6l-103.1 103.1c-12.5 12.5-32.75 12.5-45.25 0s-12.5-32.75 0-45.25L306.8 288H128C110.3 288 96 273.7 96 256s14.31-32 32-32h178.8l-49.38-49.38c-12.5-12.5-12.5-32.75 0-45.25s32.75-12.5 45.25 0l103.1 103.1C414.6 241.3 416 251.1 416 256C416 260.9 414.6 270.7 406.6 278.6z\"><\/path><\/svg><\/span><span class=\"uagb-icon-list__label\">Pol\u00edtica de Qualidade<\/span><\/div>\n<\/div><\/div>\n<\/div>\n\n\n\n<div class=\"wp-block-uagb-container uagb-block-93d7aa96\">\n<p class=\"has-large-font-size\" style=\"margin-top:0;margin-right:0;margin-bottom:0;margin-left:0\"><mark style=\"background-color:rgba(0, 0, 0, 0)\" class=\"has-inline-color has-ast-global-color-1-color\">Pol\u00edtica de Qualidade<\/mark><\/p>\n\n\n\n<p>O&nbsp;<strong>Compromisso da Almedina<\/strong>&nbsp;para com a&nbsp;<strong>Qualidade<\/strong>&nbsp;implica:<\/p>\n\n\n\n<ul class=\"wp-block-list\">\n<li><strong>Satisfazer<\/strong>&nbsp;as necessidades e expectativas dos nossos Clientes, garantindo um servi\u00e7o de excel\u00eancia que proporcione prazer intelectual com relev\u00e2ncia cultural.<\/li>\n\n\n\n<li><strong>Garantir<\/strong>&nbsp;a satisfa\u00e7\u00e3o dos requisitos de clientes e outras partes interessadas, bem como de todos os requisitos legais, normativos e regulamentares aplic\u00e1veis assumindo desta forma as responsabilidades sociais e ambientais atuando de forma respons\u00e1vel.<\/li>\n\n\n\n<li><strong>Alcan\u00e7ar&nbsp;<\/strong>permanentemente um servi\u00e7o de excel\u00eancia e um n\u00edvel de resposta total e eficiente para com os requisitos e expectativas dos Clientes e Partes Interessadas, obtendo a sua plena satisfa\u00e7\u00e3o, garantindo a Melhoria Cont\u00ednua do Sistema de Gest\u00e3o da Qualidade.<\/li>\n\n\n\n<li><strong>Estabelecer<\/strong>&nbsp;parcerias duradouras e prof\u00edcuas com os nossos fornecedores, autores e outras partes interessadas de forma \u00e9tica e transparente, com o objetivo de agregar valor aos nossos servi\u00e7os e expandir o acesso ao conhecimento.<\/li>\n\n\n\n<li><strong>Disponibilizar<\/strong>&nbsp;recursos para o desenvolvimento cont\u00ednuo dos seus colaboradores, garantindo um ambiente de trabalho que estimule o crescimento, a inova\u00e7\u00e3o e o esp\u00edrito de equipa.<\/li>\n\n\n\n<li><strong>Garantir<\/strong>&nbsp;um compromisso de boa governa\u00e7\u00e3o, privilegiar as boas pr\u00e1ticas, a inova\u00e7\u00e3o social, o planeamento e a melhoria cont\u00ednua, utilizando todos os recursos de forma eficiente, de modo a garantir o equil\u00edbrio econ\u00f3mico-financeiro do Grupo Almedina e a sustentabilidade do desenvolvimento da sua atividade.<\/li>\n\n\n\n<li><strong>Promover<\/strong>&nbsp;uma cultura ambientalmente sustent\u00e1vel com iniciativas direcionadas aos colaboradores, clientes e outras partes interessadas, de forma a adotar pr\u00e1ticas mais ecol\u00f3gicas que minimizem o impacto ambiental.<\/li>\n<\/ul>\n\n\n\n<p><\/p>\n\n\n\n<p>Face aos compromissos assumidos, a Dire\u00e7\u00e3o Executiva da Almedina assegura que a Pol\u00edtica da Qualidade \u00e9 disponibilizada a todas as Partes Interessadas e compreendida por todos os membros da Organiza\u00e7\u00e3o.<\/p>\n\n\n\n<p class=\"has-text-align-right\">Aprovada pela Comiss\u00e3o Executiva a 27.02.2025<\/p>\n<\/div>\n<\/div><\/div>\n\n\n\n<p><\/p>\n","protected":false},"excerpt":{"rendered":"","protected":false},"author":1,"featured_media":0,"parent":0,"menu_order":0,"comment_status":"closed","ping_status":"closed","template":"","meta":{"_uag_custom_page_level_css":"","site-sidebar-layout":"default","site-content-layout":"default","ast-global-header-display":"","ast-main-header-display":"","ast-hfb-above-header-display":"","ast-hfb-below-header-display":"","ast-hfb-mobile-header-display":"","site-post-title":"disabled","ast-breadcrumbs-content":"","ast-featured-img":"","footer-sml-layout":"","theme-transparent-header-meta":"","adv-header-id-meta":"","stick-header-meta":"","header-above-stick-meta":"","header-main-stick-meta":"","header-below-stick-meta":"","footnotes":""},"class_list":["post-1695","page","type-page","status-publish","hentry"],"uagb_featured_image_src":{"full":false,"thumbnail":false,"medium":false,"medium_large":false,"large":false,"1536x1536":false,"2048x2048":false},"uagb_author_info":{"display_name":"siteGrupo","author_link":"https:\/\/www.grupoalmedina.net\/?author=1"},"uagb_comment_info":0,"uagb_excerpt":null,"_links":{"self":[{"href":"https:\/\/www.grupoalmedina.net\/index.php?rest_route=\/wp\/v2\/pages\/1695","targetHints":{"allow":["GET"]}}],"collection":[{"href":"https:\/\/www.grupoalmedina.net\/index.php?rest_route=\/wp\/v2\/pages"}],"about":[{"href":"https:\/\/www.grupoalmedina.net\/index.php?rest_route=\/wp\/v2\/types\/page"}],"author":[{"embeddable":true,"href":"https:\/\/www.grupoalmedina.net\/index.php?rest_route=\/wp\/v2\/users\/1"}],"replies":[{"embeddable":true,"href":"https:\/\/www.grupoalmedina.net\/index.php?rest_route=%2Fwp%2Fv2%2Fcomments&post=1695"}],"version-history":[{"count":13,"href":"https:\/\/www.grupoalmedina.net\/index.php?rest_route=\/wp\/v2\/pages\/1695\/revisions"}],"predecessor-version":[{"id":2178,"href":"https:\/\/www.grupoalmedina.net\/index.php?rest_route=\/wp\/v2\/pages\/1695\/revisions\/2178"}],"wp:attachment":[{"href":"https:\/\/www.grupoalmedina.net\/index.php?rest_route=%2Fwp%2Fv2%2Fmedia&parent=1695"}],"curies":[{"name":"wp","href":"https:\/\/api.w.org\/{rel}","templated":true}]}}