{"id":1727,"date":"2023-02-20T15:59:50","date_gmt":"2023-02-20T15:59:50","guid":{"rendered":"http:\/\/www.localhost:85\/?page_id=1727"},"modified":"2026-02-23T15:44:52","modified_gmt":"2026-02-23T15:44:52","slug":"areas-de-negocio","status":"publish","type":"page","link":"https:\/\/www.grupoalmedina.net\/?page_id=1727","title":{"rendered":"\u00c1reas de Neg\u00f3cio"},"content":{"rendered":"\n<div class=\"wp-block-uagb-container uagb-block-f0143092 alignfull uagb-is-root-container\"><div class=\"uagb-container-inner-blocks-wrap\">\n<p class=\"has-ast-global-color-1-color has-text-color has-large-font-size\" style=\"margin-top:0;margin-right:0;margin-bottom:0;margin-left:0\">\u00c1reas de Neg\u00f3cio<\/p>\n\n\n\n<p><strong>Edi\u00e7\u00f5es Almedina<\/strong><\/p>\n\n\n\n<p>A Edi\u00e7\u00f5es Almedina \u00e9, atualmente, a editora l\u00edder no mercado jur\u00eddico em Portugal. A sua miss\u00e3o tem sido levar at\u00e9 junto dos estudantes, professores e profissionais do direito o pensamento e a pr\u00e1tica dos melhores autores que entenderam partilhar o seu saber, atrav\u00e9s de livros.<\/p>\n\n\n\n<p><strong>Edi\u00e7\u00f5es 70<\/strong><\/p>\n\n\n\n<p>A 70 \u00e9 a marca editorial da Edi\u00e7\u00f5es Almedina reconhecida pela edi\u00e7\u00e3o de Cultura, no mais amplo e nobre sentido da palavra. Tem como bandeira as cole\u00e7\u00f5es \u00abO Lugar da Hist\u00f3ria\u00bb, \u00abPerspetivas do Homem\u00bb, \u00abArte &amp; Comunica\u00e7\u00e3o\u00bb, \u00abBiblioteca B\u00e1sica de Filosofia\u00bb e \u00abTextos Filos\u00f3ficos\u00bb entre outras que, ao longo de mais de meio s\u00e9culo, contribu\u00edram para a forma\u00e7\u00e3o nas \u00e1reas das Ci\u00eancias Sociais e Humanas.<\/p>\n\n\n\n<p><strong>Actual Editora<\/strong><\/p>\n\n\n\n<p>De refer\u00eancia na edi\u00e7\u00e3o das \u00e1reas da Economia e Gest\u00e3o, a Actual tem-se assumido como a chancela da Almedina para as ci\u00eancias econ\u00f3micas, publicando conte\u00fados globais atuais com os contributos dos melhores especialistas nestas tem\u00e1ticas.<\/p>\n\n\n\n<p><strong>Minotauro<\/strong><\/p>\n\n\n\n<p>Fundada em 2009, a Minotauro \u00e9 a chancela do Grupo Almedina que d\u00e1 prioridade \u00e0 fic\u00e7\u00e3o liter\u00e1ria, portuguesa e estrangeira. Oscilando entre os cl\u00e1ssicos e a literatura contempor\u00e2nea bestseller, procura conquistar um novo universo de leitores. Uma parte muito significativa do seu cat\u00e1logo destina-se ao p\u00fablico infantil, juvenil e jovem adulto.<\/p>\n\n\n\n<p><strong>Livrarias Almedina<\/strong><\/p>\n\n\n\n<p>A Almedina disp\u00f5e atualmente de catorze livrarias, localizadas em Lisboa, Almada, Porto, Gaia, Coimbra e Braga. Vocacionadas para servir um exigente p\u00fablico universit\u00e1rio, disp\u00f5em de um excelente fundo de livros nacionais e estrangeiros, um servi\u00e7o de pesquisa e encomenda de livros de qualquer parte do Mundo, bem como de assinatura de revistas especializadas, baseado nas mais modernas tecnologias de informa\u00e7\u00e3o, permitindo a satisfa\u00e7\u00e3o de pedidos no mais curto espa\u00e7o de tempo. E ao menor custo.<\/p>\n\n\n\n<p><strong>Forma\u00e7\u00e3o<\/strong><\/p>\n\n\n\n<p>Os Congressos Almedina s\u00e3o uma refer\u00eancia no panorama jur\u00eddico em Portugal. T\u00eam um objetivo did\u00e1tico e persuasivo, pretendendo estar pr\u00f3ximo dos profissionais criando um espa\u00e7o necess\u00e1rio \u00e0 valoriza\u00e7\u00e3o do conhecimento, munindo-se, para tal, dos maiores especialistas nas mais diversas \u00e1reas do direito.<\/p>\n<\/div><\/div>\n\n\n\n<p><\/p>\n","protected":false},"excerpt":{"rendered":"","protected":false},"author":1,"featured_media":0,"parent":0,"menu_order":0,"comment_status":"closed","ping_status":"closed","template":"","meta":{"_uag_custom_page_level_css":"","site-sidebar-layout":"default","site-content-layout":"default","ast-global-header-display":"","ast-main-header-display":"","ast-hfb-above-header-display":"","ast-hfb-below-header-display":"","ast-hfb-mobile-header-display":"","site-post-title":"disabled","ast-breadcrumbs-content":"","ast-featured-img":"","footer-sml-layout":"","theme-transparent-header-meta":"","adv-header-id-meta":"","stick-header-meta":"","header-above-stick-meta":"","header-main-stick-meta":"","header-below-stick-meta":"","footnotes":""},"class_list":["post-1727","page","type-page","status-publish","hentry"],"uagb_featured_image_src":{"full":false,"thumbnail":false,"medium":false,"medium_large":false,"large":false,"1536x1536":false,"2048x2048":false},"uagb_author_info":{"display_name":"siteGrupo","author_link":"https:\/\/www.grupoalmedina.net\/?author=1"},"uagb_comment_info":0,"uagb_excerpt":null,"_links":{"self":[{"href":"https:\/\/www.grupoalmedina.net\/index.php?rest_route=\/wp\/v2\/pages\/1727","targetHints":{"allow":["GET"]}}],"collection":[{"href":"https:\/\/www.grupoalmedina.net\/index.php?rest_route=\/wp\/v2\/pages"}],"about":[{"href":"https:\/\/www.grupoalmedina.net\/index.php?rest_route=\/wp\/v2\/types\/page"}],"author":[{"embeddable":true,"href":"https:\/\/www.grupoalmedina.net\/index.php?rest_route=\/wp\/v2\/users\/1"}],"replies":[{"embeddable":true,"href":"https:\/\/www.grupoalmedina.net\/index.php?rest_route=%2Fwp%2Fv2%2Fcomments&post=1727"}],"version-history":[{"count":14,"href":"https:\/\/www.grupoalmedina.net\/index.php?rest_route=\/wp\/v2\/pages\/1727\/revisions"}],"predecessor-version":[{"id":2195,"href":"https:\/\/www.grupoalmedina.net\/index.php?rest_route=\/wp\/v2\/pages\/1727\/revisions\/2195"}],"wp:attachment":[{"href":"https:\/\/www.grupoalmedina.net\/index.php?rest_route=%2Fwp%2Fv2%2Fmedia&parent=1727"}],"curies":[{"name":"wp","href":"https:\/\/api.w.org\/{rel}","templated":true}]}}