{"id":1731,"date":"2023-02-20T16:08:24","date_gmt":"2023-02-20T16:08:24","guid":{"rendered":"https:\/\/www.grupoalmedina.net\/?page_id=1731"},"modified":"2023-02-23T17:39:20","modified_gmt":"2023-02-23T17:39:20","slug":"pessoas","status":"publish","type":"page","link":"https:\/\/www.grupoalmedina.net\/?page_id=1731","title":{"rendered":"Pessoas"},"content":{"rendered":"\n<div class=\"wp-block-uagb-container uagb-block-f6c830db alignfull uagb-is-root-container\"><div class=\"uagb-container-inner-blocks-wrap\">\n<div class=\"wp-block-uagb-container uagb-block-8fc3009b\">\n<div class=\"wp-block-uagb-icon-list uagb-block-5f22230c\"><div class=\"uagb-icon-list__wrap\">\n<div class=\"wp-block-uagb-icon-list-child uagb-block-192f3548\"><a target=\"_self\" aria-label=\"Ofertas de Emprego\" rel=\"noopener noreferrer\" href=\"https:\/\/www.grupoalmedina.net\/?page_id=1742\"> <\/a><span class=\"uagb-icon-list__source-wrap\"><svg xmlns=\"https:\/\/www.w3.org\/2000\/svg\" viewBox=\"0 0 448 512\"><path d=\"M224 256c70.7 0 128-57.31 128-128s-57.3-128-128-128C153.3 0 96 57.31 96 128S153.3 256 224 256zM274.7 304H173.3C77.61 304 0 381.6 0 477.3c0 19.14 15.52 34.67 34.66 34.67h378.7C432.5 512 448 496.5 448 477.3C448 381.6 370.4 304 274.7 304z\"><\/path><\/svg><\/span><span class=\"uagb-icon-list__label\">Ofertas de Emprego<\/span><\/div>\n\n\n\n<div class=\"wp-block-uagb-icon-list-child uagb-block-50184dc0\"><a target=\"_self\" aria-label=\"Candidaturas\" rel=\"noopener noreferrer\" href=\"https:\/\/www.grupoalmedina.net\/?page_id=1735\"> <\/a><span class=\"uagb-icon-list__source-wrap\"><svg xmlns=\"https:\/\/www.w3.org\/2000\/svg\" viewBox=\"0 0 448 512\"><path d=\"M224 256c70.7 0 128-57.31 128-128s-57.3-128-128-128C153.3 0 96 57.31 96 128S153.3 256 224 256zM274.7 304H173.3C77.61 304 0 381.6 0 477.3c0 19.14 15.52 34.67 34.66 34.67h378.7C432.5 512 448 496.5 448 477.3C448 381.6 370.4 304 274.7 304z\"><\/path><\/svg><\/span><span class=\"uagb-icon-list__label\">Candidaturas<\/span><\/div>\n<\/div><\/div>\n<\/div>\n\n\n\n<div class=\"wp-block-uagb-container uagb-block-f280a60d\">\n<p class=\"has-ast-global-color-1-color has-text-color has-medium-font-size\" style=\"margin-top:0;margin-right:0;margin-bottom:0;margin-left:0\">Pessoas<\/p>\n\n\n\n<p>Procuramos assegurar um sistema de Recursos Humanos centrado na valoriza\u00e7\u00e3o do potencial humano e que seja gerador de ambiente organizacional favor\u00e1vel \u00e0 motiva\u00e7\u00e3o das pessoas. Contamos com cada colaborador para continuarmos a ser o Grupo de refer\u00eancia para aqueles que desejam partilhar o seu saber e para aqueles que pretendem usufruir de experi\u00eancias com relev\u00e2ncia cultural e cient\u00edfica. Utilize as op\u00e7\u00f5es no men\u00fa do lado esquerdo para consultar as nossas actuais ofertas de emprego ou enviar uma candidatura espont\u00e2nea.<\/p>\n<\/div>\n<\/div><\/div>\n","protected":false},"excerpt":{"rendered":"","protected":false},"author":1,"featured_media":0,"parent":0,"menu_order":0,"comment_status":"closed","ping_status":"closed","template":"","meta":{"_uag_custom_page_level_css":"","site-sidebar-layout":"default","site-content-layout":"default","ast-global-header-display":"","ast-main-header-display":"","ast-hfb-above-header-display":"","ast-hfb-below-header-display":"","ast-hfb-mobile-header-display":"","site-post-title":"disabled","ast-breadcrumbs-content":"","ast-featured-img":"","footer-sml-layout":"","theme-transparent-header-meta":"","adv-header-id-meta":"","stick-header-meta":"","header-above-stick-meta":"","header-main-stick-meta":"","header-below-stick-meta":"","footnotes":""},"class_list":["post-1731","page","type-page","status-publish","hentry"],"uagb_featured_image_src":{"full":false,"thumbnail":false,"medium":false,"medium_large":false,"large":false,"1536x1536":false,"2048x2048":false},"uagb_author_info":{"display_name":"siteGrupo","author_link":"https:\/\/www.grupoalmedina.net\/?author=1"},"uagb_comment_info":0,"uagb_excerpt":null,"_links":{"self":[{"href":"https:\/\/www.grupoalmedina.net\/index.php?rest_route=\/wp\/v2\/pages\/1731","targetHints":{"allow":["GET"]}}],"collection":[{"href":"https:\/\/www.grupoalmedina.net\/index.php?rest_route=\/wp\/v2\/pages"}],"about":[{"href":"https:\/\/www.grupoalmedina.net\/index.php?rest_route=\/wp\/v2\/types\/page"}],"author":[{"embeddable":true,"href":"https:\/\/www.grupoalmedina.net\/index.php?rest_route=\/wp\/v2\/users\/1"}],"replies":[{"embeddable":true,"href":"https:\/\/www.grupoalmedina.net\/index.php?rest_route=%2Fwp%2Fv2%2Fcomments&post=1731"}],"version-history":[{"count":7,"href":"https:\/\/www.grupoalmedina.net\/index.php?rest_route=\/wp\/v2\/pages\/1731\/revisions"}],"predecessor-version":[{"id":2053,"href":"https:\/\/www.grupoalmedina.net\/index.php?rest_route=\/wp\/v2\/pages\/1731\/revisions\/2053"}],"wp:attachment":[{"href":"https:\/\/www.grupoalmedina.net\/index.php?rest_route=%2Fwp%2Fv2%2Fmedia&parent=1731"}],"curies":[{"name":"wp","href":"https:\/\/api.w.org\/{rel}","templated":true}]}}