{"id":1760,"date":"2023-02-20T17:21:55","date_gmt":"2023-02-20T17:21:55","guid":{"rendered":"https:\/\/www.grupoalmedina.net\/?page_id=1760"},"modified":"2026-02-23T15:51:47","modified_gmt":"2026-02-23T15:51:47","slug":"livrarias-almedina","status":"publish","type":"page","link":"https:\/\/www.grupoalmedina.net\/?page_id=1760","title":{"rendered":"Livrarias Almedina"},"content":{"rendered":"\n<div class=\"wp-block-uagb-container uagb-block-fec9c477 alignfull uagb-is-root-container\"><div class=\"uagb-container-inner-blocks-wrap\">\n<h1 class=\"wp-block-heading has-large-font-size\" style=\"margin-top:var(--wp--preset--spacing--20);margin-right:var(--wp--preset--spacing--20);margin-bottom:var(--wp--preset--spacing--20);margin-left:var(--wp--preset--spacing--20)\">Livrarias Almedina<\/h1>\n\n\n\n<p><strong>Compras<\/strong><br>Morada: Avenida Em\u00eddio Navarro, 81, 3D, 1750-137 Lisboa<br>Mail:&nbsp;<a href=\"mailto:dpcompras@grupoalmedina.net\">dpcompras@grupoalmedina.net<\/a><br>Telefone: 239 851 902 | 239 091 489<br>Fax: 239 436 267<\/p>\n\n\n\n<p><strong>Marketing Livrarias<\/strong><br>Morada: Avenida Em\u00eddio Navarro, 81, 3D, 1750-137 Lisboa<br>Mail:&nbsp;<a href=\"mailto:marketing@grupoalmedina.net\">marketing@grupoalmedina.net<\/a><br>Telefone: 913 025 527<br>Fax: 239 851 901<\/p>\n\n\n\n<h2 class=\"wp-block-heading has-large-font-size\">Lojas<\/h2>\n\n\n\n<p><strong>Almedina Braga<\/strong><br>Morada: Campus de Gualtar &#8211; Universidade do Minho, 4710-057 Braga<br>Mail:&nbsp;<a href=\"mailto:braga@almedina.net\">braga@almedina.net<\/a><br>Telefone: 253 678 822<\/p>\n\n\n\n<p><strong>Almedina Porto<\/strong><br>Morada: Rua de Ceuta, 79, 4050-191 Porto<br>Mail:&nbsp;<a href=\"mailto:porto@almedina.net\">porto@almedina.net<\/a><br>Telefone: 222 059 773<\/p>\n\n\n\n<p><strong>Almedina Arr\u00e1bida Shopping<\/strong><br>Morada: Praceta Henrique Moreira, 244, Arr\u00e1bida Shopping, Loja 290, 4400-475 V. N. Gaia<br>Mail:&nbsp;<a href=\"mailto:arrabida@almedina.net\">arrabida@almedina.net<\/a><br>Telefone: 223 701 898<\/p>\n\n\n\n<p><strong>Almedina Arco<\/strong><br>Morada: Arco de Almedina, 15, 3004-509 Coimbra<br>Mail:&nbsp;<a href=\"mailto:arco@almedina.net\">arco@almedina.net<\/a><br>Telefone: 239 851 900<\/p>\n\n\n\n<p><strong>Almedina Pra\u00e7a da Rep\u00fablica<\/strong><br>Morada: Rua Alexandre Herculano, 3, 3000-019 Coimbra<br>Mail:&nbsp;<a href=\"mailto:prepublica@almedina.net\">prepublica@almedina.net<\/a><br>Telefone: 239 827 176<\/p>\n\n\n\n<p><strong>Almedina Est\u00e1dio Cidade de Coimbra<\/strong><br>Morada: Est\u00e1dio Cidade de Coimbra, Rua D. Manuel I, n.\u00b0 26 e 28, 3030-320 Coimbra<br>Mail:&nbsp;<a href=\"mailto:estadiocc@almedina.net\">estadiocc@almedina.net<\/a><br>Telefone: 239 406 266<\/p>\n\n\n\n<p><strong>Almedina Atrium Saldanha<\/strong><br>Morada: Atrium Saldanha, Pra\u00e7a Duque de Saldanha, 1, Loja 71, 2\u00ba Piso, 1050-094 Lisboa<br>Mail:&nbsp;<a href=\"mailto:atrium@almedina.net\">atrium@almedina.net<\/a><br>Telefone: 213 570 428<br>Fax: 213 151 945<\/p>\n\n\n\n<p><strong>Almedina ISCTE<\/strong><br>Morada: Avenida das For\u00e7as Armadas, Edif\u00edcio ISCTE (Edif\u00edcio I \u2013 sala 0SW), 1649-026 Lisboa<br>Mail:&nbsp;<a href=\"mailto:iscte@almedina.net\">iscte@almedina.net<\/a><br>Telefone: 215 902 819<\/p>\n\n\n\n<p><strong>Almedina Rato<\/strong><br>Morada: Rua da Escola Polit\u00e9cnica, 225, 1250-101 Lisboa<br>Mail:&nbsp;<a href=\"mailto:rato@almedina.net\">rato@almedina.net<\/a><br>Telefone: 211 991 551<\/p>\n\n\n\n<p><strong>Almedina MAC\/CCB<\/strong><br>Morada: Centro Cultural de Bel\u00e9m &#8211; MAC, Pra\u00e7a do Imp\u00e9rio, 1449-003 Lisboa<br>Mail:&nbsp;<a href=\"mailto:rato@almedina.net\">ccb@almedina.net<\/a><br>Telefone: <a href=\"tel:210737582\">210 737 582<\/a><\/p>\n\n\n\n<p><strong>Almedina Almada F\u00f3rum<\/strong><br>Morada: Rua S\u00e9rgio Malpique n.\u00ba 2 Almada Forum, Loja 1.97 \/ 1.101 2810-500 Almada<br>Mail:&nbsp;<a href=\"mailto:almada@almedina.net\">almada@almedina.net<\/a><br>Telefone: <a href=\"tel:216 000 749\">216 000 749<\/a><\/p>\n\n\n\n<p><strong>Almedina Braga Centro<\/strong><br>Morada: Rua 25 de Abril, 435 4710-913 Braga<br>Mail:\u00a0<a href=\"mailto:bragacentro@almedina.net\">bragacentro<\/a><a href=\"mailto:almada@almedina.net\"><a href=\"mailto:bragacentro@almedina.net\">@almedina.net<\/a><\/a><br>Telefone: <a href=\"tel:253 180 309\">253 180 309<\/a><\/p>\n\n\n\n<p><strong>Almedina FDUP<\/strong><br>Morada: Faculdade de Direito da Universidade do Porto &#8211; Rua dos Bragas, 223, Sala 0.03V 4050-123 Porto <br>Mail:\u00a0<a href=\"mailto:fdup@almedina.net\">fdup@almedina.net<\/a><br>Telefone: <a href=\"tel:220 142 736\">220 142 736<\/a><\/p>\n\n\n\n<p><strong>Almedina Fontes Pereira de Melo<\/strong><br>Morada: Avenida Fontes Pereira de Melo, 43A 1050-119 Lisboa<br>Mail:\u00a0<a href=\"mailto:fpm@almedina.net\">fpm@almedina.net<\/a><br>Telefone: <a href=\"tel:210 160 073\">210 160 073<\/a><\/p>\n<\/div><\/div>\n\n\n\n<p><\/p>\n","protected":false},"excerpt":{"rendered":"","protected":false},"author":1,"featured_media":0,"parent":0,"menu_order":0,"comment_status":"closed","ping_status":"closed","template":"","meta":{"_uag_custom_page_level_css":"","site-sidebar-layout":"default","site-content-layout":"default","ast-global-header-display":"","ast-main-header-display":"","ast-hfb-above-header-display":"","ast-hfb-below-header-display":"","ast-hfb-mobile-header-display":"","site-post-title":"disabled","ast-breadcrumbs-content":"","ast-featured-img":"","footer-sml-layout":"","theme-transparent-header-meta":"","adv-header-id-meta":"","stick-header-meta":"","header-above-stick-meta":"","header-main-stick-meta":"","header-below-stick-meta":"","footnotes":""},"class_list":["post-1760","page","type-page","status-publish","hentry"],"uagb_featured_image_src":{"full":false,"thumbnail":false,"medium":false,"medium_large":false,"large":false,"1536x1536":false,"2048x2048":false},"uagb_author_info":{"display_name":"siteGrupo","author_link":"https:\/\/www.grupoalmedina.net\/?author=1"},"uagb_comment_info":0,"uagb_excerpt":null,"_links":{"self":[{"href":"https:\/\/www.grupoalmedina.net\/index.php?rest_route=\/wp\/v2\/pages\/1760","targetHints":{"allow":["GET"]}}],"collection":[{"href":"https:\/\/www.grupoalmedina.net\/index.php?rest_route=\/wp\/v2\/pages"}],"about":[{"href":"https:\/\/www.grupoalmedina.net\/index.php?rest_route=\/wp\/v2\/types\/page"}],"author":[{"embeddable":true,"href":"https:\/\/www.grupoalmedina.net\/index.php?rest_route=\/wp\/v2\/users\/1"}],"replies":[{"embeddable":true,"href":"https:\/\/www.grupoalmedina.net\/index.php?rest_route=%2Fwp%2Fv2%2Fcomments&post=1760"}],"version-history":[{"count":11,"href":"https:\/\/www.grupoalmedina.net\/index.php?rest_route=\/wp\/v2\/pages\/1760\/revisions"}],"predecessor-version":[{"id":2197,"href":"https:\/\/www.grupoalmedina.net\/index.php?rest_route=\/wp\/v2\/pages\/1760\/revisions\/2197"}],"wp:attachment":[{"href":"https:\/\/www.grupoalmedina.net\/index.php?rest_route=%2Fwp%2Fv2%2Fmedia&parent=1760"}],"curies":[{"name":"wp","href":"https:\/\/api.w.org\/{rel}","templated":true}]}}