{"id":1815,"date":"2023-02-21T15:28:24","date_gmt":"2023-02-21T15:28:24","guid":{"rendered":"https:\/\/www.grupoalmedina.net\/?page_id=1815"},"modified":"2023-02-23T17:22:07","modified_gmt":"2023-02-23T17:22:07","slug":"almedina-brasil","status":"publish","type":"page","link":"https:\/\/www.grupoalmedina.net\/?page_id=1815","title":{"rendered":"Almedina Brasil"},"content":{"rendered":"\n<div class=\"wp-block-uagb-container uagb-block-418486c6 alignfull uagb-is-root-container\"><div class=\"uagb-container-inner-blocks-wrap\">\n<div class=\"wp-block-uagb-container uagb-block-2e9fdd71\"><\/div>\n\n\n\n<div class=\"wp-block-uagb-container uagb-block-78fa6fe1\">\n<p class=\"has-large-font-size\" style=\"margin-top:0;margin-right:0;margin-bottom:0;margin-left:0\">Almedina Brasil<\/p>\n\n\n\n<p>O Grupo Almedina, fundado em 1955, \u00e9 atualmente constitu\u00eddo pelas editoras Almedina, Edi\u00e7\u00f5es 70, Actual Editora e uma rede de 11 Livrarias de norte a sul de Portugal. Com presen\u00e7a em Portugal, Brasil e Angola procura, seleciona e produz os melhores produtos e servi\u00e7os na \u00e1rea da cultura e do saber.<\/p>\n\n\n\n<p>Contribuindo para a difus\u00e3o de novos autores e correntes de opini\u00e3o e investiga\u00e7\u00e3o, as Editoras do Grupo Almedina posicionam-se sobretudo nas \u00e1reas do conhecimento t\u00e9cnico n\u00e3o descurando a publica\u00e7\u00e3o de obras que contribuam para o pensamento cr\u00edtico e reflex\u00e3o.<\/p>\n\n\n\n<p>Com presen\u00e7a no Brasil desde 2004, a Almedina Brasil representa o Grupo neste pa\u00eds. Oferece o que de melhor se publica internacionalmente nas \u00e1reas de direito, de ci\u00eancias sociais e humanas e de ci\u00eancias econ\u00f3micas, representando os selos Almedina, Edi\u00e7\u00f5es 70 e Actual. Tamb\u00e9m edita autores Brasileiros de reconhecido m\u00e9rito oferecendo j\u00e1 uma sele\u00e7\u00e3o de obras nas \u00e1reas de direito, neg\u00f3cios internacionais e ci\u00eancias sociais e humanas.<\/p>\n\n\n\n<p><a href=\"http:\/\/www.almedina.com.br\/\"><mark style=\"background-color:rgba(0, 0, 0, 0)\" class=\"has-inline-color has-ast-global-color-1-color\">www.almedina.com.br<\/mark><\/a><\/p>\n\n\n\n<div class=\"wp-block-buttons is-content-justification-right is-layout-flex wp-container-core-buttons-is-layout-d445cf74 wp-block-buttons-is-layout-flex\">\n<div class=\"wp-block-button has-custom-font-size is-style-outline has-medium-font-size is-style-outline--1\"><a class=\"wp-block-button__link wp-element-button\" href=\"https:\/\/www.grupoalmedina.net\/?page_id=1727\" style=\"border-radius:11px\">VOLTAR<\/a><\/div>\n<\/div>\n\n\n\n<p><\/p>\n<\/div>\n<\/div><\/div>\n\n\n\n<div class=\"wp-block-uagb-container uagb-block-2f05d43b alignfull uagb-is-root-container\"><div class=\"uagb-container-inner-blocks-wrap\">\n<div class=\"wp-block-buttons is-content-justification-right is-layout-flex wp-container-core-buttons-is-layout-d445cf74 wp-block-buttons-is-layout-flex\"><\/div>\n<\/div><\/div>\n\n\n\n<p><\/p>\n\n\n\n<p><\/p>\n","protected":false},"excerpt":{"rendered":"","protected":false},"author":1,"featured_media":0,"parent":0,"menu_order":0,"comment_status":"closed","ping_status":"closed","template":"","meta":{"_uag_custom_page_level_css":"","site-sidebar-layout":"default","site-content-layout":"default","ast-global-header-display":"","ast-main-header-display":"","ast-hfb-above-header-display":"","ast-hfb-below-header-display":"","ast-hfb-mobile-header-display":"","site-post-title":"disabled","ast-breadcrumbs-content":"","ast-featured-img":"","footer-sml-layout":"","theme-transparent-header-meta":"","adv-header-id-meta":"","stick-header-meta":"","header-above-stick-meta":"","header-main-stick-meta":"","header-below-stick-meta":"","footnotes":""},"class_list":["post-1815","page","type-page","status-publish","hentry"],"uagb_featured_image_src":{"full":false,"thumbnail":false,"medium":false,"medium_large":false,"large":false,"1536x1536":false,"2048x2048":false},"uagb_author_info":{"display_name":"siteGrupo","author_link":"https:\/\/www.grupoalmedina.net\/?author=1"},"uagb_comment_info":0,"uagb_excerpt":null,"_links":{"self":[{"href":"https:\/\/www.grupoalmedina.net\/index.php?rest_route=\/wp\/v2\/pages\/1815","targetHints":{"allow":["GET"]}}],"collection":[{"href":"https:\/\/www.grupoalmedina.net\/index.php?rest_route=\/wp\/v2\/pages"}],"about":[{"href":"https:\/\/www.grupoalmedina.net\/index.php?rest_route=\/wp\/v2\/types\/page"}],"author":[{"embeddable":true,"href":"https:\/\/www.grupoalmedina.net\/index.php?rest_route=\/wp\/v2\/users\/1"}],"replies":[{"embeddable":true,"href":"https:\/\/www.grupoalmedina.net\/index.php?rest_route=%2Fwp%2Fv2%2Fcomments&post=1815"}],"version-history":[{"count":5,"href":"https:\/\/www.grupoalmedina.net\/index.php?rest_route=\/wp\/v2\/pages\/1815\/revisions"}],"predecessor-version":[{"id":2024,"href":"https:\/\/www.grupoalmedina.net\/index.php?rest_route=\/wp\/v2\/pages\/1815\/revisions\/2024"}],"wp:attachment":[{"href":"https:\/\/www.grupoalmedina.net\/index.php?rest_route=%2Fwp%2Fv2%2Fmedia&parent=1815"}],"curies":[{"name":"wp","href":"https:\/\/api.w.org\/{rel}","templated":true}]}}